{"id":2,"date":"2019-08-01T16:13:35","date_gmt":"2019-08-01T16:13:35","guid":{"rendered":"http:\/\/translator.edudex.nl\/wordpress\/?page_id=2"},"modified":"2019-08-24T11:38:26","modified_gmt":"2019-08-24T09:38:26","slug":"voorbeeld-pagina","status":"publish","type":"page","link":"https:\/\/translator.edudex.nl\/wordpress\/","title":{"rendered":"Versta je mij?"},"content":{"rendered":"\n<p>Welkom bij de vertaler van stichting EDU-DEX !<\/p>\n\n\n\n<p>Deelnemers van EDU-DEX werken op dit platform samen om hun EDU-DEX-data te vertalen naar afwijkende import-formaten. Van partijen die (nog) niet zijn aangesloten bij EDU-DEX. Zodat niet elke deelnemer van EDU-DEX dit zelfstandig hoeft te doen voor elke afwijkende portal of LMS.<br>Want EDU-DEX wil juist vanuit \u00e9\u00e9n bron, met \u00e9\u00e9n data-set zoveel mogelijk partijen bedienen. Zonder gedoe.<\/p>\n\n\n\n<p>D\u00ede samenwerking is de kracht van EDU-DEX !<\/p>\n","protected":false},"excerpt":{"rendered":"<p>Welkom bij de vertaler van stichting EDU-DEX ! Deelnemers van EDU-DEX werken op dit platform samen om hun EDU-DEX-data te vertalen naar afwijkende import-formaten. Van partijen die (nog) niet zijn aangesloten bij EDU-DEX. Zodat niet elke deelnemer van EDU-DEX dit\u2026<\/p>\n","protected":false},"author":1,"featured_media":0,"parent":0,"menu_order":0,"comment_status":"closed","ping_status":"open","template":"","meta":{"footnotes":""},"class_list":["post-2","page","type-page","status-publish","hentry"],"_links":{"self":[{"href":"https:\/\/translator.edudex.nl\/wordpress\/wp-json\/wp\/v2\/pages\/2","targetHints":{"allow":["GET"]}}],"collection":[{"href":"https:\/\/translator.edudex.nl\/wordpress\/wp-json\/wp\/v2\/pages"}],"about":[{"href":"https:\/\/translator.edudex.nl\/wordpress\/wp-json\/wp\/v2\/types\/page"}],"author":[{"embeddable":true,"href":"https:\/\/translator.edudex.nl\/wordpress\/wp-json\/wp\/v2\/users\/1"}],"replies":[{"embeddable":true,"href":"https:\/\/translator.edudex.nl\/wordpress\/wp-json\/wp\/v2\/comments?post=2"}],"version-history":[{"count":6,"href":"https:\/\/translator.edudex.nl\/wordpress\/wp-json\/wp\/v2\/pages\/2\/revisions"}],"predecessor-version":[{"id":67,"href":"https:\/\/translator.edudex.nl\/wordpress\/wp-json\/wp\/v2\/pages\/2\/revisions\/67"}],"wp:attachment":[{"href":"https:\/\/translator.edudex.nl\/wordpress\/wp-json\/wp\/v2\/media?parent=2"}],"curies":[{"name":"wp","href":"https:\/\/api.w.org\/{rel}","templated":true}]}}