{"id":20,"date":"2019-08-06T18:00:03","date_gmt":"2019-08-06T16:00:03","guid":{"rendered":"http:\/\/translator.edudex.nl\/wordpress\/?page_id=20"},"modified":"2021-05-21T11:08:45","modified_gmt":"2021-05-21T09:08:45","slug":"opleiders","status":"publish","type":"page","link":"https:\/\/translator.edudex.nl\/wordpress\/opleiders\/","title":{"rendered":"Aanbieders van opleidingen"},"content":{"rendered":"\n<p>Deze vertaler is gemaakt door en voor opleiders die hun data via EDU-DEX \u00f3\u00f3k willen uploaden naar portals waar de EDU-DEX-standaard (nog) niet wordt ondersteund, zoals Bloomville.<\/p>\n\n\n\n<p>Een voorbeeld: de \u00e9\u00e9n levert de kosten voor alle uitvoeringen in \u00e9\u00e9n keer aan <code>&lt;genericProgramRun><\/code> en de andere opleider doet dit per uitvoering <code>&lt;programRun><\/code>. <\/p>\n\n\n\n<p>Afnemers van informatie die (nog) <em>niet <\/em>zijn aangesloten bij EDU-DEX, kunnen soms \u00e9\u00e9n van die varianten niet verwerken. Met een kleine aanpassing via deze vertaler zorgen we er dan voor dat ook d\u00e9ze afnemers de  gegevens accepteren die u in EDU-DEX heeft staan.<\/p>\n\n\n\n<p>Het doel van EDU-DEX is daarmee weer een stap dichterbij: altijd &amp; overal de juiste cursusgegevens \u2013 voor elke klant, in elk systeem, van elke opleider.<\/p>\n","protected":false},"excerpt":{"rendered":"<p>Deze vertaler is gemaakt door en voor opleiders die hun data via EDU-DEX \u00f3\u00f3k willen uploaden naar portals waar de EDU-DEX-standaard (nog) niet wordt ondersteund, zoals Bloomville. Een voorbeeld: de \u00e9\u00e9n levert de kosten voor alle uitvoeringen in \u00e9\u00e9n keer\u2026<\/p>\n","protected":false},"author":1,"featured_media":0,"parent":0,"menu_order":0,"comment_status":"closed","ping_status":"closed","template":"","meta":{"footnotes":""},"class_list":["post-20","page","type-page","status-publish","hentry"],"_links":{"self":[{"href":"https:\/\/translator.edudex.nl\/wordpress\/wp-json\/wp\/v2\/pages\/20","targetHints":{"allow":["GET"]}}],"collection":[{"href":"https:\/\/translator.edudex.nl\/wordpress\/wp-json\/wp\/v2\/pages"}],"about":[{"href":"https:\/\/translator.edudex.nl\/wordpress\/wp-json\/wp\/v2\/types\/page"}],"author":[{"embeddable":true,"href":"https:\/\/translator.edudex.nl\/wordpress\/wp-json\/wp\/v2\/users\/1"}],"replies":[{"embeddable":true,"href":"https:\/\/translator.edudex.nl\/wordpress\/wp-json\/wp\/v2\/comments?post=20"}],"version-history":[{"count":10,"href":"https:\/\/translator.edudex.nl\/wordpress\/wp-json\/wp\/v2\/pages\/20\/revisions"}],"predecessor-version":[{"id":142,"href":"https:\/\/translator.edudex.nl\/wordpress\/wp-json\/wp\/v2\/pages\/20\/revisions\/142"}],"wp:attachment":[{"href":"https:\/\/translator.edudex.nl\/wordpress\/wp-json\/wp\/v2\/media?parent=20"}],"curies":[{"name":"wp","href":"https:\/\/api.w.org\/{rel}","templated":true}]}}